{"id":1743,"date":"2025-04-04T01:59:24","date_gmt":"2025-04-04T01:59:24","guid":{"rendered":"https:\/\/stage.pscingenieria.com\/?page_id=1743"},"modified":"2025-04-10T15:32:39","modified_gmt":"2025-04-10T15:32:39","slug":"politica","status":"publish","type":"page","link":"https:\/\/pscingenieria.com\/index.php\/politica\/","title":{"rendered":"Pol\u00edtica Integrada de Calidad, Medio Ambiente, Seguridad y Salud en el Trabajo"},"content":{"rendered":"<div class=\"fusion-fullwidth fullwidth-box fusion-builder-row-1 fusion-flex-container has-pattern-background has-mask-background nonhundred-percent-fullwidth non-hundred-percent-height-scrolling\" style=\"--awb-background-position:left top;--awb-border-sizes-top:0px;--awb-border-sizes-bottom:0px;--awb-border-sizes-left:0px;--awb-border-sizes-right:0px;--awb-border-radius-top-left:0px;--awb-border-radius-top-right:0px;--awb-border-radius-bottom-right:0px;--awb-border-radius-bottom-left:0px;--awb-padding-top:80px;--awb-padding-bottom:50px;--awb-padding-top-small:0px;--awb-padding-bottom-small:0px;--awb-margin-top-small:0px;--awb-margin-bottom-small:0px;--awb-flex-wrap:wrap;\" ><div class=\"fusion-builder-row fusion-row fusion-flex-align-items-flex-start fusion-flex-content-wrap\" style=\"max-width:1216.8px;margin-left: calc(-4% \/ 2 );margin-right: calc(-4% \/ 2 );\"><div class=\"fusion-layout-column fusion_builder_column fusion-builder-column-0 fusion_builder_column_1_1 1_1 fusion-flex-column\" style=\"--awb-bg-blend:overlay;--awb-bg-size:cover;--awb-width-large:100%;--awb-margin-top-large:0px;--awb-spacing-right-large:1.92%;--awb-margin-bottom-large:20px;--awb-spacing-left-large:1.92%;--awb-width-medium:100%;--awb-spacing-right-medium:1.92%;--awb-spacing-left-medium:1.92%;--awb-width-small:100%;--awb-spacing-right-small:1.92%;--awb-spacing-left-small:1.92%;\"><div class=\"fusion-column-wrapper fusion-flex-justify-content-flex-start fusion-content-layout-column\"><div class=\"fusion-title title fusion-title-1 fusion-sep-none fusion-title-text fusion-title-size-three\" style=\"--awb-text-color:var(--awb-color7);\"><h3 class=\"fusion-title-heading title-heading-left fusion-responsive-typography-calculated\" style=\"margin:0;text-transform:capitalize;--fontSize:32;line-height:var(--awb-typography1-line-height);\">Pol\u00edtica Integrada de Calidad, Medio Ambiente, Seguridad y Salud en el Trabajo<\/h3><\/div><div class=\"fusion-separator\" style=\"align-self: flex-start;margin-right:auto;margin-top:0px;margin-bottom:20px;width:100%;max-width:80px;\"><div class=\"fusion-separator-border sep-single sep-solid\" style=\"--awb-height:20px;--awb-amount:20px;border-color:var(--awb-color4);border-top-width:2px;\"><\/div><\/div><div class=\"fusion-text fusion-text-1\"><p>PSC Ingenier\u00eda SpA., empresa dedicada y especializada en servicios de ingenier\u00eda, ha decidido implantar y mantener un Sistema Integrado de Gesti\u00f3n de Calidad, Medio Ambiente y Seguridad y Salud en el Trabajo, basado en la legislaci\u00f3n nacional y principales est\u00e1ndares internacionales, garantizando una mejora continua, y adquiriendo los siguientes compromisos:<\/p>\n<p><strong>01<\/strong> | Alcanzar la plena satisfacci\u00f3n de nuestros clientes teniendo en cuenta sus necesidades y expectativas, la protecci\u00f3n del medio ambiente, incluida la gesti\u00f3n de prevenci\u00f3n de la contaminaci\u00f3n y adem\u00e1s velamos por la protecci\u00f3n de la vida y salud de los trabajadores.<\/p>\n<p><strong>02<\/strong> | Utilizar las tecnolog\u00edas apropiadas para obtener una mayor rentabilidad y aprovechamiento de los recursos utilizados, mejorando los procesos productivos y su gesti\u00f3n.<\/p>\n<p><strong>03<\/strong> | Establecer, implementar y mantener procesos operacionales de calidad y eficaces priorizando las medidas preventivas sobre las reactivas, aplicando la jerarqu\u00eda de control de riesgos para la seguridad y salud de nuestros trabajadores.<\/p>\n<p><strong>04<\/strong> | Cumplir los requisitos legales y reglamentarios, as\u00ed como los adquiridos con nuestros clientes y partes interesadas de la organizaci\u00f3n.<\/p>\n<p><strong>05<\/strong> | Respetar la vida y la integridad f\u00edsica y psicol\u00f3gica, equidad de g\u00e9nero, diversidad, universalidad e inclusi\u00f3n, mediante la capacitaci\u00f3n, participaci\u00f3n y dialogo. Mantener cero tolerancia al acoso sexual, laboral y violencia.<\/p>\n<p><strong>06<\/strong> | Mantener los centros de trabajo en condiciones adecuadas de seguridad y salubridad, para la prevenci\u00f3n de lesiones y deterioro de la salud.<\/p>\n<p><strong>07<\/strong> | Promover una conducta segura en las actividades desarrolladas, aportando a los trabajadores la informaci\u00f3n y formaci\u00f3n necesaria sobre los riesgos inherentes a su trabajo.<\/p>\n<p><strong>08<\/strong> | Esforzarnos por reducir el impacto ambiental haciendo uso racional   de los recursos en el desarrollo de nuestras operaciones.<\/p>\n<p><strong>09<\/strong> | Establecer medios de informaci\u00f3n interna en relaci\u00f3n    con la seguridad y salud de los trabajadores, que faciliten la comunicaci\u00f3n y participaci\u00f3n, la aportaci\u00f3n y el compromiso de los trabajadores con los objetivos de la empresa, as\u00ed como en cualquier otro punto del Sistema de Gesti\u00f3n Integrado.<\/p>\n<p><strong>10<\/strong> | Realizar un constante esfuerzo de actualizaci\u00f3n, en cuanto al conocimiento, legislaci\u00f3n de seguridad y salud laboral, as\u00ed como medioambiental y de calidad.<\/p>\n<p><strong>11<\/strong> | La detecci\u00f3n de oportunidades de mejora en nuestro Sistema de Gesti\u00f3n Integrado mediante revisiones peri\u00f3dicas del mismo, existiendo el compromiso por parte de la Alta Direcci\u00f3n de impulsar y apoyas todas aquellas iniciativas que contribuyen a la mejora continua.<\/p>\n<p><strong>12<\/strong> | Finalmente, la Alta Direcci\u00f3n de PSC Ingenier\u00eda SpA se compromete con los objetivos y metas que de est\u00e1 pol\u00edtica se desprenden, as\u00ed como tambi\u00e9n de velar por su comunicaci\u00f3n oportuna.  <\/p>\n<p><strong>Esta Pol\u00edtica ha sido establecida por la Alta Direcci\u00f3n en base al an\u00e1lisis de su contexto organizacional y su direcci\u00f3n estrat\u00e9gica.<\/strong> Para asegurar la consecuci\u00f3n de los compromisos definidos en nuestra pol\u00edtica, est\u00e1 se comunicar\u00e1 a todos los empleados y se pondr\u00e1 a disposici\u00f3n de los clientes, proveedores, contratistas y otros grupos de inter\u00e9s. Cumplir esta pol\u00edtica es responsabilidad de todas las personas que participen en la actividad de la empresa.<span style=\"background-color: var(--awb-bg-color-small-hover); color: var(--awb-text-color); font-family: var(--awb-text-font-family); font-size: var(--awb-font-size); font-style: var(--awb-text-font-style); font-weight: var(--awb-text-font-weight); letter-spacing: var(--awb-letter-spacing); text-align: var(--awb-content-alignment); text-transform: var(--awb-text-transform);\"> <\/span><\/p>\n<p style=\"text-align: center;\"><img decoding=\"async\" class=\"lazyload alignnone wp-image-1448\" src=\"https:\/\/pscingenieria.com\/wp-content\/uploads\/2025\/03\/firma-raul.png\" data-orig-src=\"https:\/\/pscingenieria.com\/wp-content\/uploads\/2025\/03\/firma-raul.png\" alt=\"\" width=\"112\" height=\"89\" srcset=\"data:image\/svg+xml,%3Csvg%20xmlns%3D%27http%3A%2F%2Fwww.w3.org%2F2000%2Fsvg%27%20width%3D%27112%27%20height%3D%2789%27%20viewBox%3D%270%200%20112%2089%27%3E%3Crect%20width%3D%27112%27%20height%3D%2789%27%20fill-opacity%3D%220%22%2F%3E%3C%2Fsvg%3E\" data-srcset=\"https:\/\/pscingenieria.com\/wp-content\/uploads\/2025\/03\/firma-raul-177x142.png 177w, https:\/\/pscingenieria.com\/wp-content\/uploads\/2025\/03\/firma-raul.png 203w\" data-sizes=\"auto\" data-orig-sizes=\"(max-width: 112px) 100vw, 112px\" \/><\/p>\n<p style=\"text-align: center;\"><strong>Ra\u00fal Rojas L.<\/strong><\/p>\n<p style=\"text-align: center;\">Presidente Directorio<\/p>\n<\/div><\/div><\/div><\/div><\/div>\n","protected":false},"excerpt":{"rendered":"","protected":false},"author":4,"featured_media":0,"parent":0,"menu_order":0,"comment_status":"closed","ping_status":"open","template":"100-width.php","meta":{"footnotes":""},"class_list":["post-1743","page","type-page","status-publish","hentry"],"_links":{"self":[{"href":"https:\/\/pscingenieria.com\/index.php\/wp-json\/wp\/v2\/pages\/1743","targetHints":{"allow":["GET"]}}],"collection":[{"href":"https:\/\/pscingenieria.com\/index.php\/wp-json\/wp\/v2\/pages"}],"about":[{"href":"https:\/\/pscingenieria.com\/index.php\/wp-json\/wp\/v2\/types\/page"}],"author":[{"embeddable":true,"href":"https:\/\/pscingenieria.com\/index.php\/wp-json\/wp\/v2\/users\/4"}],"replies":[{"embeddable":true,"href":"https:\/\/pscingenieria.com\/index.php\/wp-json\/wp\/v2\/comments?post=1743"}],"version-history":[{"count":10,"href":"https:\/\/pscingenieria.com\/index.php\/wp-json\/wp\/v2\/pages\/1743\/revisions"}],"predecessor-version":[{"id":1993,"href":"https:\/\/pscingenieria.com\/index.php\/wp-json\/wp\/v2\/pages\/1743\/revisions\/1993"}],"wp:attachment":[{"href":"https:\/\/pscingenieria.com\/index.php\/wp-json\/wp\/v2\/media?parent=1743"}],"curies":[{"name":"wp","href":"https:\/\/api.w.org\/{rel}","templated":true}]}}